{"id":4994,"date":"2019-09-30T12:11:20","date_gmt":"2019-09-30T12:11:20","guid":{"rendered":"https:\/\/pascalsilvestri.fr\/?page_id=4994"},"modified":"2024-10-22T20:54:28","modified_gmt":"2024-10-22T18:54:28","slug":"mariages-et-evenements","status":"publish","type":"page","link":"https:\/\/pascalsilvestri.fr\/index.php\/mariages-et-evenements\/","title":{"rendered":"Mariages et \u00e9v\u00e8nements"},"content":{"rendered":"<p>[vc_section][vc_row delay=\u00a0\u00bbtrue\u00a0\u00bb effect=\u00a0\u00bbtada\u00a0\u00bb delay_timer=\u00a0\u00bb0&Prime;][vc_column background_position=\u00a0\u00bbleft center\u00a0\u00bb delay=\u00a0\u00bbtrue\u00a0\u00bb css=\u00a0\u00bb.vc_custom_1573683479617{background-image: url(https:\/\/pascalsilvestri.fr\/wp-content\/uploads\/2019\/11\/ut-dot-dark.svg?id=8209) !important;background-position: center !important;background-repeat: no-repeat !important;background-size: contain !important;}\u00a0\u00bb effect=\u00a0\u00bbfadeIn\u00a0\u00bb delay_timer=\u00a0\u00bb0&Prime; animation_duration=\u00a0\u00bb2s\u00a0\u00bb]<div  class=\"wpb_content_element   clearfix\"><style type=\"text\/css\">#ut_am_69e5c4266a891 { opacity: 1; }#ut_am_wrap_69e5c4266a892 .ut-image-gallery-item-caption-title h3 { color: #ffffff; }#ut_am_wrap_69e5c4266a892 .ut-image-gallery-item-caption-title-style-2 h3 { color: #ffffff; }#ut_am_wrap_69e5c4266a892 .ut-image-gallery-item.ut-animation-done:hover .ut-image-gallery-image-caption, #ut_am_wrap_69e5c4266a892 .ut-image-gallery-item.ut-element-is-animating:hover .ut-image-gallery-image-caption { background: #000000; }#ut_am_wrap_69e5c4266a892 .ut-image-gallery-item .ut-image-gallery-image-caption-style-2 { background: #000000; }@media (min-width: 768px) { #ut_am_wrap_69e5c4266a892 .ut-animated-image-item a { padding-right: 40px; } }@media (min-width: 768px) { #ut_am_wrap_69e5c4266a892 .ut-box-shadow-container { margin-right: 40px; } }#ut_am_wrap_69e5c4266a892 .ut-animated-image-zoom::after { background: url(https:\/\/pascalsilvestri.fr\/wp-content\/uploads\/2024\/10\/evenements-pascal-silvestri-banquet-traiteurs-mariage-soiree-decoration-fleurs-magique-1280x720.jpg); }#ut_am_wrap_69e5c4266a892 .ut-image-gallery-item-caption-title-style-2 h3 { line-height: 125%; }#ut_am_wrap_69e5c4266a892 .ut-image-gallery-item-caption-title-style-2 h3 { letter-spacing: 0em; }#ut_am_wrap_69e5c4266a892 .ut-gallery-slider-caption { font-weight: bold; }#ut_am_wrap_69e5c4266a892 { text-align: center; }@media (min-width: 768px) and (max-width: 1024px) { #ut_am_wrap_69e5c4266a892 { text-align: center !important; } }@media (max-width: 767px) { #ut_am_wrap_69e5c4266a892 { text-align: center !important; } }<\/style><div id=\"ut_am_wrap_69e5c4266a892\" class=\"ut-image-gallery-image  ut-reveal-fx ut-element-with-block-reveal\"><div id=\"ut_reveal_69e5c4266a893\" data-reveal-bgcolor=\"#000000\" data-reveal-direction=\"tb\" data-reveal-duration=\"750\" data-reveal-delay=\"1000\" data-appear-top-offset=\"auto\" class=\"ut-animated-image-item ut-image-gallery-item ut-animation-done ut-reveal-fx-element ut-block-reveal-hide\"><a class=\"ut-deactivated-link\" href=\"#\"><div class=\"ut-animated-image-zoom\"><img loading=\"lazy\" decoding=\"async\" class=\"ut-lazy skip-lazy ut-animated-image \"  id=\"ut_am_69e5c4266a891\" src=\"data:image\/svg+xml;charset=utf-8,%3Csvg xmlns%3D'http%3A%2F%2Fwww.w3.org%2F2000%2Fsvg' viewBox%3D'0 0 1280 720'%2F%3E\" data-src=\"https:\/\/pascalsilvestri.fr\/wp-content\/uploads\/2024\/10\/evenements-pascal-silvestri-banquet-traiteurs-mariage-soiree-decoration-fleurs-magique-1280x720.jpg\" width=\"1280\" height=\"720\" alt=\"\"\/><\/div><div data-image-caption class=\"ut-image-gallery-image-caption-style-2\"><div class=\"ut-image-gallery-item-caption-title-style-2\"><h3>Fleurs en l\u00e9vitation<\/h3><\/div><\/div><\/a><\/div><\/div><\/div>[\/vc_column][\/vc_row][\/vc_section][vc_section][vc_row el_name=\u00a0\u00bbColumn has animation\u00a0\u00bb][vc_column delay=\u00a0\u00bbtrue\u00a0\u00bb offset=\u00a0\u00bbvc_col-lg-offset-2 vc_col-lg-8&Prime; effect=\u00a0\u00bbbounceInUp\u00a0\u00bb delay_timer=\u00a0\u00bb0&Prime;]<div class=\"wpb_content_element \"><style type=\"text\/css\">#ut_header_69e5c4266aba7 h2.section-title { font-size:50px !important; }<\/style><header id=\"ut_header_69e5c4266aba7\" class=\"section-header  ut-no-title-linebreak-mobile ut-no-lead-linebreak-mobile pt-style-7 header-center header-tablet-center header-mobile-center\"><h2 data-title=\"Fleurir vos \u00e9v\u00e8nements, habiller vos r\u00eaves, respecter votre budget\" data-effect=\"bounce\" data-animateonce=\"yes\" data-delay=\"0\" data-responsive-font=\"section_title\" data-responsive-font-settings=\"{&quot;base-font-size&quot;:&quot;global&quot;,&quot;font-size&quot;:{&quot;desktop_large&quot;:&quot;50&quot;},&quot;base-line-height&quot;:&quot;global&quot;,&quot;base-letter-spacing&quot;:&quot;global&quot;}\" class=\"section-title ut-animate-element animated ut-no-animation-tablet ut-no-animation-mobile \"><span>Fleurir vos \u00e9v\u00e8nements, habiller vos r\u00eaves, respecter votre budget<\/span><\/h2><\/header><\/div>[vc_column_text css_animation=\u00a0\u00bbfadeIn\u00a0\u00bb]Nous c\u00e9l\u00e9brons chaque moment de la vie et de l&rsquo;entreprise avec des cr\u00e9ations florales uniques et sur-mesure.<\/p>\n<p>Que ce soit pour un mariage, un anniversaire, un \u00e9v\u00e9nement d&rsquo;entreprise ou toute autre occasion sp\u00e9ciale, nous mettons notre savoir-faire au service de vos \u00e9motions, en sublimant chaque d\u00e9tail avec des compositions florales d&rsquo;exception.<\/p>\n<p>&nbsp;<\/p>\n<h3>Pour tous les \u00e9v\u00e9nements de la vie<\/h3>\n<p>Nos cr\u00e9ations sont con\u00e7ues pour s&rsquo;adapter \u00e0 tous les moments importants de votre vie : mariages, bapt\u00eames, anniversaires, f\u00eates de famille ou c\u00e9l\u00e9brations intimes. Nous r\u00e9alisons des bouquets et des d\u00e9cors qui capturent l&rsquo;esprit de chaque \u00e9v\u00e9nement, qu&rsquo;il soit joyeux, solennel ou festif.<\/p>\n<p><strong>Mariages<\/strong> : Notre \u00e9quipe vous accompagne dans la cr\u00e9ation d&rsquo;une ambiance florale qui refl\u00e8te votre personnalit\u00e9 et vos go\u00fbts. Du bouquet de la mari\u00e9e aux centres de table, en passant par les d\u00e9corations de c\u00e9r\u00e9monie et de r\u00e9ception, chaque d\u00e9tail est pens\u00e9 pour rendre votre journ\u00e9e inoubliable.<\/p>\n<p><strong>Autres occasions sp\u00e9ciales<\/strong> : Bapt\u00eames, anniversaires, f\u00eates de fin d&rsquo;ann\u00e9e&#8230; nous sommes \u00e0 vos c\u00f4t\u00e9s pour rendre chaque \u00e9v\u00e9nement encore plus beau gr\u00e2ce \u00e0 nos compositions florales originales et \u00e9l\u00e9gantes.<\/p>\n<h3>Des solutions florales pour les entreprises<\/h3>\n<p>Pour vos \u00e9v\u00e9nements professionnels, nous cr\u00e9ons des d\u00e9cors floraux qui renforcent votre image de marque et marquent les esprits. Que ce soit pour un lancement de produit, un s\u00e9minaire, une soir\u00e9e d&rsquo;entreprise ou une inauguration, nos compositions s&rsquo;adaptent \u00e0 vos besoins et \u00e0 l&rsquo;identit\u00e9 de votre entreprise.<\/p>\n<p><strong>Abonnements floraux<\/strong> : En plus des \u00e9v\u00e9nements ponctuels, nous proposons des abonnements pour apporter une touche v\u00e9g\u00e9tale et raffin\u00e9e \u00e0 vos espaces de travail toute l&rsquo;ann\u00e9e.<\/p>\n<h3>Une diversit\u00e9 de fleurs pour toutes les envies<\/h3>\n<p>Chez Pascal Silvestri, nous avons \u00e0 c\u0153ur de proposer une offre compl\u00e8te et vari\u00e9e pour r\u00e9pondre \u00e0 toutes vos attentes. Nous travaillons avec des fleurs fra\u00eeches, des fleurs et plantes stabilis\u00e9es, ainsi que des fleurs s\u00e9ch\u00e9es pour offrir une large palette de styles et de possibilit\u00e9s.<\/p>\n<p><strong>Fleurs fra\u00eeches<\/strong> : Nos fleurs sont soigneusement s\u00e9lectionn\u00e9es pour leur qualit\u00e9 et leur fra\u00eecheur. Elles sont id\u00e9ales pour les compositions qui n\u00e9cessitent \u00e9clat et vivacit\u00e9.<\/p>\n<p><strong>Fleurs stabilis\u00e9es<\/strong> : Gr\u00e2ce \u00e0 un proc\u00e9d\u00e9 de stabilisation, nous pouvons vous offrir des compositions qui durent dans le temps, sans entretien, tout en conservant la beaut\u00e9 et la texture des fleurs fra\u00eeches.<\/p>\n<p><strong>Fleurs s\u00e9ch\u00e9es<\/strong> : Pour une touche boh\u00e8me, vintage ou durable, nos compositions en fleurs s\u00e9ch\u00e9es apportent une \u00e9l\u00e9gance intemporelle \u00e0 vos \u00e9v\u00e9nements.[\/vc_column_text][\/vc_column][\/vc_row][vc_row][vc_column width=\u00a0\u00bb2\/3&Prime; offset=\u00a0\u00bbvc_col-lg-8 vc_col-md-8 vc_col-sm-7 vc_col-xs-12&Prime; effect=\u00a0\u00bbswing\u00a0\u00bb]<div data-effect=\"swing\" data-animateonce=\"yes\" data-delay=\"0\" class=\"wpb_content_element ut-animate-image animated  clearfix\"><style type=\"text\/css\">#ut_am_69e5c4266db7c { opacity: 1; }#ut_am_wrap_69e5c4266db7d .ut-image-gallery-item-caption-title h3 { letter-spacing: 0em; }#ut_am_wrap_69e5c4266db7d .ut-gallery-slider-caption { font-weight: bold; }#ut_am_wrap_69e5c4266db7d { text-align: center; }@media (min-width: 768px) and (max-width: 1024px) { #ut_am_wrap_69e5c4266db7d { text-align: center !important; } }@media (max-width: 767px) { #ut_am_wrap_69e5c4266db7d { text-align: center !important; } }<\/style><div id=\"ut_am_wrap_69e5c4266db7d\" class=\"ut-image-gallery-image  ut-reveal-fx ut-element-with-block-reveal\"><div id=\"ut_reveal_69e5c4266db7e\" data-reveal-bgcolor=\"#000000\" data-reveal-direction=\"lr\" data-reveal-duration=\"750\" data-reveal-delay=\"250\" data-appear-top-offset=\"auto\" class=\"ut-animated-image-item ut-image-gallery-item ut-animation-done ut-reveal-fx-element ut-block-reveal-hide\"><a class=\"ut-deactivated-link\" href=\"#\"><div class=\"ut-animated-image-zoom\"><img loading=\"lazy\" decoding=\"async\" class=\"ut-lazy skip-lazy ut-animated-image \"  id=\"ut_am_69e5c4266db7c\" src=\"data:image\/svg+xml;charset=utf-8,%3Csvg xmlns%3D'http%3A%2F%2Fwww.w3.org%2F2000%2Fsvg' viewBox%3D'0 0 893 534'%2F%3E\" data-src=\"https:\/\/pascalsilvestri.fr\/wp-content\/uploads\/2024\/10\/evenements-pascal-silvestri-fete-fleurs-mariage-comite-entreprise-anniversaire-893x534.jpg\" width=\"893\" height=\"534\" alt=\"\"\/><\/div><\/a><\/div><\/div><\/div>[\/vc_column][vc_column width=\u00a0\u00bb1\/3&Prime; offset=\u00a0\u00bbvc_col-lg-4 vc_col-md-4 vc_col-sm-5 vc_col-xs-12&Prime; effect=\u00a0\u00bbbounce\u00a0\u00bb]<div data-effect=\"shake\" data-animateonce=\"yes\" data-delay=\"0\" class=\"wpb_content_element ut-animate-image animated  clearfix\"><style type=\"text\/css\">#ut_am_69e5c4266e40e { opacity: 1; }#ut_am_wrap_69e5c4266e40f .ut-image-gallery-item-caption-title h3 { letter-spacing: 0em; }#ut_am_wrap_69e5c4266e40f .ut-gallery-slider-caption { font-weight: bold; }#ut_am_wrap_69e5c4266e40f { text-align: center; }@media (min-width: 768px) and (max-width: 1024px) { #ut_am_wrap_69e5c4266e40f { text-align: center !important; } }@media (max-width: 767px) { #ut_am_wrap_69e5c4266e40f { text-align: center !important; } }<\/style><div id=\"ut_am_wrap_69e5c4266e40f\" class=\"ut-image-gallery-image  ut-reveal-fx ut-element-with-block-reveal\"><div id=\"ut_reveal_69e5c4266e410\" data-reveal-bgcolor=\"#000000\" data-reveal-direction=\"rl\" data-reveal-duration=\"750\" data-reveal-delay=\"500\" data-appear-top-offset=\"auto\" class=\"ut-animated-image-item ut-image-gallery-item ut-animation-done ut-reveal-fx-element ut-block-reveal-hide\"><a class=\"ut-deactivated-link\" href=\"#\"><div class=\"ut-animated-image-zoom\"><img loading=\"lazy\" decoding=\"async\" class=\"ut-lazy skip-lazy ut-animated-image \"  id=\"ut_am_69e5c4266e40e\" src=\"data:image\/svg+xml;charset=utf-8,%3Csvg xmlns%3D'http%3A%2F%2Fwww.w3.org%2F2000%2Fsvg' viewBox%3D'0 0 426 534'%2F%3E\" data-src=\"https:\/\/pascalsilvestri.fr\/wp-content\/uploads\/2024\/10\/evenements-pascal-silvestri-bouquet-decor-fete-composition-florale-fleurs-mariage-comite-entreprise-anniversaire-426x534.jpg\" width=\"426\" height=\"534\" alt=\"\"\/><\/div><\/a><\/div><\/div><\/div>[\/vc_column][\/vc_row][vc_row css=\u00a0\u00bb.vc_custom_1570659925821{margin-top: 0px !important;}\u00a0\u00bb el_name=\u00a0\u00bbRow margin top 0&Prime;][vc_column width=\u00a0\u00bb1\/2&Prime; offset=\u00a0\u00bbvc_col-lg-6 vc_col-md-6 vc_col-sm-6 vc_col-xs-12&Prime; effect=\u00a0\u00bbtada\u00a0\u00bb]<div data-effect=\"shake\" data-animateonce=\"yes\" data-delay=\"0\" class=\"wpb_content_element ut-animate-image animated  clearfix\"><style type=\"text\/css\">#ut_am_69e5c4266ec55 { opacity: 1; }#ut_am_wrap_69e5c4266ec61 .ut-image-gallery-item-caption-title h3 { letter-spacing: 0em; }#ut_am_wrap_69e5c4266ec61 .ut-gallery-slider-caption { font-weight: bold; }#ut_am_wrap_69e5c4266ec61 { text-align: center; }@media (min-width: 768px) and (max-width: 1024px) { #ut_am_wrap_69e5c4266ec61 { text-align: center !important; } }@media (max-width: 767px) { #ut_am_wrap_69e5c4266ec61 { text-align: center !important; } }<\/style><div id=\"ut_am_wrap_69e5c4266ec61\" class=\"ut-image-gallery-image  ut-reveal-fx ut-element-with-block-reveal\"><div id=\"ut_reveal_69e5c4266ec62\" data-reveal-bgcolor=\"#000000\" data-reveal-direction=\"tb\" data-reveal-duration=\"750\" data-reveal-delay=\"750\" data-appear-top-offset=\"auto\" class=\"ut-animated-image-item ut-image-gallery-item ut-animation-done ut-reveal-fx-element ut-block-reveal-hide\"><a class=\"ut-deactivated-link\" href=\"#\"><div class=\"ut-animated-image-zoom\"><img loading=\"lazy\" decoding=\"async\" class=\"ut-lazy skip-lazy ut-animated-image \"  id=\"ut_am_69e5c4266ec55\" src=\"data:image\/svg+xml;charset=utf-8,%3Csvg xmlns%3D'http%3A%2F%2Fwww.w3.org%2F2000%2Fsvg' viewBox%3D'0 0 700 480'%2F%3E\" data-src=\"https:\/\/pascalsilvestri.fr\/wp-content\/uploads\/2024\/10\/evenements-pascal-silvestri-fete-composition-florale-fleurs-mariage-comite-entreprise-anniversaire-700x480.jpg\" width=\"700\" height=\"480\" alt=\"\"\/><\/div><\/a><\/div><\/div><\/div>[\/vc_column][vc_column width=\u00a0\u00bb1\/2&Prime; offset=\u00a0\u00bbvc_col-lg-6 vc_col-md-6 vc_col-sm-6 vc_col-xs-12&Prime; effect=\u00a0\u00bbrubberBand\u00a0\u00bb]<div data-effect=\"tada\" data-animateonce=\"yes\" data-delay=\"0\" class=\"wpb_content_element ut-animate-image animated  clearfix\"><style type=\"text\/css\">#ut_am_69e5c4266f441 { opacity: 1; }#ut_am_wrap_69e5c4266f442 .ut-image-gallery-item-caption-title h3 { letter-spacing: 0em; }#ut_am_wrap_69e5c4266f442 .ut-gallery-slider-caption { font-weight: bold; }#ut_am_wrap_69e5c4266f442 { text-align: center; }@media (min-width: 768px) and (max-width: 1024px) { #ut_am_wrap_69e5c4266f442 { text-align: center !important; } }@media (max-width: 767px) { #ut_am_wrap_69e5c4266f442 { text-align: center !important; } }<\/style><div id=\"ut_am_wrap_69e5c4266f442\" class=\"ut-image-gallery-image  ut-reveal-fx ut-element-with-block-reveal\"><div id=\"ut_reveal_69e5c4266f443\" data-reveal-bgcolor=\"#000000\" data-reveal-direction=\"bt\" data-reveal-duration=\"750\" data-reveal-delay=\"1000\" data-appear-top-offset=\"auto\" class=\"ut-animated-image-item ut-image-gallery-item ut-animation-done ut-reveal-fx-element ut-block-reveal-hide\"><a class=\"ut-deactivated-link\" href=\"#\"><div class=\"ut-animated-image-zoom\"><img loading=\"lazy\" decoding=\"async\" class=\"ut-lazy skip-lazy ut-animated-image \"  id=\"ut_am_69e5c4266f441\" src=\"data:image\/svg+xml;charset=utf-8,%3Csvg xmlns%3D'http%3A%2F%2Fwww.w3.org%2F2000%2Fsvg' viewBox%3D'0 0 700 480'%2F%3E\" data-src=\"https:\/\/pascalsilvestri.fr\/wp-content\/uploads\/2024\/10\/evenements-pascal-silvestri-mariage-comite-entreprise-anniversaire-700x480.jpg\" width=\"700\" height=\"480\" alt=\"\"\/><\/div><\/a><\/div><\/div><\/div>[\/vc_column][\/vc_row][\/vc_section][vc_section][vc_row el_name=\u00a0\u00bbColumn has animation\u00a0\u00bb][vc_column delay=\u00a0\u00bbtrue\u00a0\u00bb offset=\u00a0\u00bbvc_col-lg-offset-2 vc_col-lg-8&Prime; effect=\u00a0\u00bbfadeIn\u00a0\u00bb delay_timer=\u00a0\u00bb0&Prime;]<div class=\"wpb_content_element \"><style type=\"text\/css\">#ut_header_69e5c4266f88d h2.section-title { font-size:50px !important; }<\/style><header id=\"ut_header_69e5c4266f88d\" class=\"section-header  ut-no-title-linebreak-mobile ut-no-lead-linebreak-mobile pt-style-7 header-center header-tablet-center header-mobile-center\"><h2 data-title=\"Un accompagnement personnalis\u00e9\" data-effect=\"tada\" data-animateonce=\"yes\" data-delay=\"0\" data-responsive-font=\"section_title\" data-responsive-font-settings=\"{&quot;base-font-size&quot;:&quot;global&quot;,&quot;font-size&quot;:{&quot;desktop_large&quot;:&quot;50&quot;},&quot;base-line-height&quot;:&quot;global&quot;,&quot;base-letter-spacing&quot;:&quot;global&quot;}\" class=\"section-title ut-animate-element animated ut-no-animation-tablet ut-no-animation-mobile \"><span>Un accompagnement personnalis\u00e9<\/span><\/h2><\/header><\/div>[vc_column_text css_animation=\u00a0\u00bbbounceInUp\u00a0\u00bb]Chaque \u00e9v\u00e9nement est unique, et c\u2019est pourquoi nous prenons le temps de comprendre vos envies et vos attentes. De la premi\u00e8re rencontre jusqu&rsquo;\u00e0 la r\u00e9alisation finale, nous vous accompagnons avec attention et professionnalisme pour cr\u00e9er des compositions florales qui vous ressemblent.<\/p>\n<p>Faites confiance \u00e0 Pascal Silvestri pour sublimer vos moments les plus pr\u00e9cieux et donner une dimension florale unique \u00e0 vos \u00e9v\u00e9nements.[\/vc_column_text][\/vc_column][\/vc_row][vc_row gap=\u00a0\u00bb40&Prime;][vc_column width=\u00a0\u00bb1\/4&Prime; delay=\u00a0\u00bbtrue\u00a0\u00bb offset=\u00a0\u00bbvc_col-lg-3&Prime; effect=\u00a0\u00bbfadeIn\u00a0\u00bb animation_duration=\u00a0\u00bb2s\u00a0\u00bb delay_timer=\u00a0\u00bb200&Prime;]<div data-effect=\"swing\" data-animateonce=\"yes\" data-delay=\"0\" class=\"wpb_content_element ut-animate-image animated  vc_custom_1729623239369 clearfix\"><style type=\"text\/css\">#ut_am_69e5c42670693 { opacity: 1; }#ut_am_wrap_69e5c42670694 .ut-image-gallery-item-caption-title h3 { letter-spacing: 0em; }#ut_am_wrap_69e5c42670694 .ut-gallery-slider-caption { font-weight: bold; }#ut_am_wrap_69e5c42670694 { text-align: center; }@media (min-width: 768px) and (max-width: 1024px) { #ut_am_wrap_69e5c42670694 { text-align: center !important; } }@media (max-width: 767px) { #ut_am_wrap_69e5c42670694 { text-align: center !important; } }<\/style><div id=\"ut_am_wrap_69e5c42670694\" class=\"ut-image-gallery-image \"><div id=\"ut_reveal_69e5c42670695\"  data-appear-top-offset=\"auto\" class=\"ut-animated-image-item ut-image-gallery-item ut-animation-done \"><a target=\"_self\" href=\"https:\/\/themeforest.unitedthemes.com\/wpversions\/brooklyn\/xml\/demo43-light\/studio\/maximilian-wagner\/\" ><div class=\"ut-animated-image-zoom\"><img loading=\"lazy\" decoding=\"async\" class=\"ut-lazy skip-lazy ut-animated-image \"  id=\"ut_am_69e5c42670693\" src=\"data:image\/svg+xml;charset=utf-8,%3Csvg xmlns%3D'http%3A%2F%2Fwww.w3.org%2F2000%2Fsvg' viewBox%3D'0 0 400 600'%2F%3E\" data-src=\"https:\/\/pascalsilvestri.fr\/wp-content\/uploads\/2024\/05\/pascal-silvestri-composition-floral-elegance-restaurant-mariage-400x600.jpg\" width=\"400\" height=\"600\" alt=\"\"\/><\/div><\/a><\/div><\/div><\/div>[\/vc_column][vc_column width=\u00a0\u00bb1\/4&Prime; delay=\u00a0\u00bbtrue\u00a0\u00bb offset=\u00a0\u00bbvc_col-lg-3&Prime; effect=\u00a0\u00bbfadeIn\u00a0\u00bb animation_duration=\u00a0\u00bb2s\u00a0\u00bb delay_timer=\u00a0\u00bb250&Prime;]<div data-effect=\"swing\" data-animateonce=\"yes\" data-delay=\"0\" class=\"wpb_content_element ut-animate-image animated  vc_custom_1729623249418 clearfix\"><style type=\"text\/css\">#ut_am_69e5c42670f00 { opacity: 1; }#ut_am_wrap_69e5c42670f01 .ut-image-gallery-item-caption-title h3 { letter-spacing: 0em; }#ut_am_wrap_69e5c42670f01 .ut-gallery-slider-caption { font-weight: bold; }#ut_am_wrap_69e5c42670f01 { text-align: center; }@media (min-width: 768px) and (max-width: 1024px) { #ut_am_wrap_69e5c42670f01 { text-align: center !important; } }@media (max-width: 767px) { #ut_am_wrap_69e5c42670f01 { text-align: center !important; } }<\/style><div id=\"ut_am_wrap_69e5c42670f01\" class=\"ut-image-gallery-image \"><div id=\"ut_reveal_69e5c42670f02\"  data-appear-top-offset=\"auto\" class=\"ut-animated-image-item ut-image-gallery-item ut-animation-done \"><a target=\"_self\" href=\"https:\/\/themeforest.unitedthemes.com\/wpversions\/brooklyn\/xml\/demo43-light\/studio\/maximilian-wagner\/\" ><div class=\"ut-animated-image-zoom\"><img loading=\"lazy\" decoding=\"async\" class=\"ut-lazy skip-lazy ut-animated-image \"  id=\"ut_am_69e5c42670f00\" src=\"data:image\/svg+xml;charset=utf-8,%3Csvg xmlns%3D'http%3A%2F%2Fwww.w3.org%2F2000%2Fsvg' viewBox%3D'0 0 400 600'%2F%3E\" data-src=\"https:\/\/pascalsilvestri.fr\/wp-content\/uploads\/2024\/05\/pascal-silvestri-art-boheme-original-composition-floral-elegance-restaurant-mariage-evenement-400x600.jpg\" width=\"400\" height=\"600\" alt=\"\"\/><\/div><\/a><\/div><\/div><\/div>[\/vc_column][vc_column width=\u00a0\u00bb1\/4&Prime; delay=\u00a0\u00bbtrue\u00a0\u00bb effect=\u00a0\u00bbfadeIn\u00a0\u00bb animation_duration=\u00a0\u00bb2s\u00a0\u00bb delay_timer=\u00a0\u00bb300&Prime;]<div data-effect=\"swing\" data-animateonce=\"yes\" data-delay=\"0\" class=\"wpb_content_element ut-animate-image animated  vc_custom_1729623258119 clearfix\"><style type=\"text\/css\">#ut_am_69e5c42671811 { opacity: 1; }#ut_am_wrap_69e5c42671812 .ut-image-gallery-item-caption-title h3 { letter-spacing: 0em; }#ut_am_wrap_69e5c42671812 .ut-gallery-slider-caption { font-weight: bold; }#ut_am_wrap_69e5c42671812 { text-align: center; }@media (min-width: 768px) and (max-width: 1024px) { #ut_am_wrap_69e5c42671812 { text-align: center !important; } }@media (max-width: 767px) { #ut_am_wrap_69e5c42671812 { text-align: center !important; } }<\/style><div id=\"ut_am_wrap_69e5c42671812\" class=\"ut-image-gallery-image \"><div id=\"ut_reveal_69e5c42671813\"  data-appear-top-offset=\"auto\" class=\"ut-animated-image-item ut-image-gallery-item ut-animation-done \"><a target=\"_self\" href=\"https:\/\/themeforest.unitedthemes.com\/wpversions\/brooklyn\/xml\/demo43-light\/studio\/maximilian-wagner\/\" ><div class=\"ut-animated-image-zoom\"><img loading=\"lazy\" decoding=\"async\" class=\"ut-lazy skip-lazy ut-animated-image \"  id=\"ut_am_69e5c42671811\" src=\"data:image\/svg+xml;charset=utf-8,%3Csvg xmlns%3D'http%3A%2F%2Fwww.w3.org%2F2000%2Fsvg' viewBox%3D'0 0 400 600'%2F%3E\" data-src=\"https:\/\/pascalsilvestri.fr\/wp-content\/uploads\/2024\/05\/pascal-silvestri-poesie-art-boheme-decoration-tressage-composition-floral-elegance-restaurant-mariage-evenement-400x600.jpg\" width=\"400\" height=\"600\" alt=\"\"\/><\/div><\/a><\/div><\/div><\/div>[\/vc_column][vc_column width=\u00a0\u00bb1\/4&Prime; delay=\u00a0\u00bbtrue\u00a0\u00bb effect=\u00a0\u00bbfadeIn\u00a0\u00bb animation_duration=\u00a0\u00bb2s\u00a0\u00bb delay_timer=\u00a0\u00bb400&Prime;]<div data-effect=\"swing\" data-animateonce=\"yes\" data-delay=\"0\" class=\"wpb_content_element ut-animate-image animated  vc_custom_1729623266830 clearfix\"><style type=\"text\/css\">#ut_am_69e5c42671fb6 { opacity: 1; }#ut_am_wrap_69e5c42671fb7 .ut-image-gallery-item-caption-title h3 { letter-spacing: 0em; }#ut_am_wrap_69e5c42671fb7 .ut-gallery-slider-caption { font-weight: bold; }#ut_am_wrap_69e5c42671fb7 { text-align: center; }@media (min-width: 768px) and (max-width: 1024px) { #ut_am_wrap_69e5c42671fb7 { text-align: center !important; } }@media (max-width: 767px) { #ut_am_wrap_69e5c42671fb7 { text-align: center !important; } }<\/style><div id=\"ut_am_wrap_69e5c42671fb7\" class=\"ut-image-gallery-image \"><div id=\"ut_reveal_69e5c42671fb8\"  data-appear-top-offset=\"auto\" class=\"ut-animated-image-item ut-image-gallery-item ut-animation-done \"><a target=\"_self\" href=\"https:\/\/themeforest.unitedthemes.com\/wpversions\/brooklyn\/xml\/demo43-light\/studio\/maximilian-wagner\/\" ><div class=\"ut-animated-image-zoom\"><img loading=\"lazy\" decoding=\"async\" class=\"ut-lazy skip-lazy ut-animated-image \"  id=\"ut_am_69e5c42671fb6\" src=\"data:image\/svg+xml;charset=utf-8,%3Csvg xmlns%3D'http%3A%2F%2Fwww.w3.org%2F2000%2Fsvg' viewBox%3D'0 0 400 600'%2F%3E\" data-src=\"https:\/\/pascalsilvestri.fr\/wp-content\/uploads\/2024\/10\/463037265_8483144185102230_3161521716065927647_n-400x600.jpg\" width=\"400\" height=\"600\" alt=\"\"\/><\/div><\/a><\/div><\/div><\/div>[\/vc_column][\/vc_row][vc_row css=\u00a0\u00bb.vc_custom_1572446981924{margin-top: 0px !important;margin-bottom: 0px !important;padding-top: 0px !important;padding-bottom: 0px !important;}\u00a0\u00bb][vc_column][vc_empty_space height=\u00a0\u00bb20px\u00a0\u00bb][\/vc_column][\/vc_row][\/vc_section]<\/p>\n","protected":false},"excerpt":{"rendered":"<p>[vc_section][vc_row delay=\u00a0\u00bbtrue\u00a0\u00bb effect=\u00a0\u00bbtada\u00a0\u00bb delay_timer=\u00a0\u00bb0&Prime;][vc_column background_position=\u00a0\u00bbleft center\u00a0\u00bb delay=\u00a0\u00bbtrue\u00a0\u00bb css=\u00a0\u00bb.vc_custom_1573683479617{background-image: url(https:\/\/pascalsilvestri.fr\/wp-content\/uploads\/2019\/11\/ut-dot-dark.svg?id=8209) !important;background-position: center !important;background-repeat: no-repeat !important;background-size: contain !important;}\u00a0\u00bb effect=\u00a0\u00bbfadeIn\u00a0\u00bb delay_timer=\u00a0\u00bb0&Prime; animation_duration=\u00a0\u00bb2s\u00a0\u00bb][\/vc_column][\/vc_row][\/vc_section][vc_section][vc_row el_name=\u00a0\u00bbColumn has animation\u00a0\u00bb][vc_column delay=\u00a0\u00bbtrue\u00a0\u00bb offset=\u00a0\u00bbvc_col-lg-offset-2 vc_col-lg-8&Prime; effect=\u00a0\u00bbbounceInUp\u00a0\u00bb delay_timer=\u00a0\u00bb0&Prime;][vc_column_text css_animation=\u00a0\u00bbfadeIn\u00a0\u00bb]Nous c\u00e9l\u00e9brons chaque moment de la vie et de l&rsquo;entreprise avec des cr\u00e9ations florales uniques et sur-mesure. Que ce soit pour un mariage, un anniversaire, un \u00e9v\u00e9nement d&rsquo;entreprise [&hellip;]<\/p>\n","protected":false},"author":1,"featured_media":0,"parent":0,"menu_order":0,"comment_status":"closed","ping_status":"closed","template":"","meta":{"footnotes":""},"class_list":["post-4994","page","type-page","status-publish","hentry"],"_links":{"self":[{"href":"https:\/\/pascalsilvestri.fr\/index.php\/wp-json\/wp\/v2\/pages\/4994","targetHints":{"allow":["GET"]}}],"collection":[{"href":"https:\/\/pascalsilvestri.fr\/index.php\/wp-json\/wp\/v2\/pages"}],"about":[{"href":"https:\/\/pascalsilvestri.fr\/index.php\/wp-json\/wp\/v2\/types\/page"}],"author":[{"embeddable":true,"href":"https:\/\/pascalsilvestri.fr\/index.php\/wp-json\/wp\/v2\/users\/1"}],"replies":[{"embeddable":true,"href":"https:\/\/pascalsilvestri.fr\/index.php\/wp-json\/wp\/v2\/comments?post=4994"}],"version-history":[{"count":13,"href":"https:\/\/pascalsilvestri.fr\/index.php\/wp-json\/wp\/v2\/pages\/4994\/revisions"}],"predecessor-version":[{"id":9699,"href":"https:\/\/pascalsilvestri.fr\/index.php\/wp-json\/wp\/v2\/pages\/4994\/revisions\/9699"}],"wp:attachment":[{"href":"https:\/\/pascalsilvestri.fr\/index.php\/wp-json\/wp\/v2\/media?parent=4994"}],"curies":[{"name":"wp","href":"https:\/\/api.w.org\/{rel}","templated":true}]}}